{"id":782,"date":"2022-06-14T09:34:23","date_gmt":"2022-06-14T07:34:23","guid":{"rendered":"http:\/\/exnovolaw.verdelimon.es\/condiciones-de-uso-de-la-web\/"},"modified":"2022-06-14T09:57:20","modified_gmt":"2022-06-14T07:57:20","slug":"conditions-of-use-of-the-website","status":"publish","type":"page","link":"https:\/\/exnovo.law\/en\/conditions-of-use-of-the-website\/","title":{"rendered":"Conditions of use of the website"},"content":{"rendered":"\n<p>These general conditions of use and legal information (hereinafter the <strong>Conditions of Use<\/strong>) regulate the use and access to the website <strong>www.exnovo.law<\/strong> (hereinafter the <strong>Website<\/strong>) owned by <strong>Romualdo Ib\u00e1\u00f1ez Buela, lawyer<\/strong> (hereinafter <strong>EXNOVO Law<\/strong>) as well as the contents and services that the Website makes available to its users.<\/p>\n\n\n\n<p>Access to and use of this website implies knowledge and acceptance of these Conditions of Use:<\/p>\n\n\n\n<p><strong>General Information<\/strong><\/p>\n\n\n\n<p>In compliance with Article 10 of Law 34\/2002, of 11 July, on Information Society Services and Electronic Commerce, the following identifying details of the owner of this website are set out:<\/p>\n\n\n\n<p>Romualdo Ib\u00e1\u00f1ez Buela, with NIF 52422038-R, member of the ICAB number 25,344. With address at Rab\u00ed Rub\u00e9n 14, local 3-4, Barcelona 08004. Telephone: + 34 931 154 589 and email law@exnovo.law<\/p>\n\n\n\n<p><strong>User Responsibilities<\/strong><\/p>\n\n\n\n<p>The user is fully responsible for accessing and correctly using the Website in accordance with current legislation, whether national or international, as well as with the principles of good faith, morality, good customs and public order. And specifically, acquires the commitment to diligently observe the present conditions of use.<\/p>\n\n\n\n<p>Users shall refrain from using the services and contents of the Website for illicit purposes or effects that are harmful to the rights and interests of third parties, or that may in any way damage, render useless, affect or deteriorate the Website, its contents and services. Likewise, it is forbidden to prevent the normal use or enjoyment of the Website by other users.<\/p>\n\n\n\n<p>Those who fail to comply with these obligations shall be liable for any harm or damage they may cause. EXNOVO Law shall not be liable for any consequence, damage or harm that may arise from such access or illicit use by third parties.<\/p>\n\n\n\n<p><strong>Responsibility of EXNOVO Law<\/strong><\/p>\n\n\n\n<p>The user is responsible for having the services and equipment necessary to browse the Internet and to access the Website. In the event of any incident or difficulty in accessing www.exnovo.law, the user may inform <strong>EXNOVO Law<\/strong> by e-mail at law@exnovo.law , who will proceed to analyse the incident and provide the user with instructions on how to resolve it as soon as possible.<\/p>\n\n\n\n<p><strong>EXNOVO Law<\/strong> shall not be liable in the event of service interruptions, connection errors, lack of availability or deficiencies in the Internet access service, nor for interruptions in the Internet network or for any other reason beyond the control of <strong>EXNOVO Law<\/strong>.<\/p>\n\n\n\n<p><strong>Links<\/strong><\/p>\n\n\n\n<p><strong>EXNOVO Law<\/strong> accepts no liability whatsoever for the contents of links that enable the user, through the Website, to access features and services offered by third parties, provided that they are external to the same. Therefore, <strong>EXNOVO Law<\/strong> shall not be held responsible for the information contained therein or for any effects that may derive from said information. If any user or third party should observe that such links may be contrary to the law, morality or public order, they should inform us by e-mail at law@exnovo.law&nbsp;<\/p>\n\n\n\n<p><strong>Updating and Modification of the Website<\/strong><\/p>\n\n\n\n<p><strong>EXNOVO Law<\/strong> reserves the right to modify the terms of these Conditions of Use at any time and without prior notice.<\/p>\n\n\n\n<p>Likewise, <strong>EXNOVO Law<\/strong> reserves the right to carry out, at any time and without prior notice, updates, modifications or elimination of information contained on its website, in the configuration and presentation of the same and of the conditions of access, without assuming any responsibility for this.<\/p>\n\n\n\n<p><strong>Intellectual Property<\/strong><\/p>\n\n\n\n<p><strong>EXNOVO Law<\/strong> is the owner or licensee of all intellectual and industrial property rights included in the wbsite, as well as the content accessible through it.<\/p>\n\n\n\n<p>The intellectual property rights of the website, as well as: texts, images, graphic design, navigation structure, information and content contained therein are owned by <strong>EXNOVO Law<\/strong>, which has exclusive rights to exploit the same in any form and, in particular, the rights of reproduction, distribution, public communication and transformation, in accordance with Spanish legislation on intellectual and industrial property rights.<\/p>\n\n\n\n<p>Authorisation to the user to access the Website does not imply any waiver, transmission, licence or total or partial transfer of intellectual or industrial property rights on the part of <strong>EXNOVO Law<\/strong>.<\/p>\n\n\n\n<p><strong>Applicable Legislation<\/strong><\/p>\n\n\n\n<p>These conditions of use shall be governed by Spanish law, which shall be applied in all matters not provided for in these conditions with regard to interpretation, validity and execution.<\/p>\n\n\n\n<p>In the event of any dispute relating to these conditions of use, the parties submit, expressly waiving any other jurisdiction, to the Courts and Tribunals of Barcelona.<\/p>\n","protected":false},"excerpt":{"rendered":"<p>These general conditions of use and legal information (hereinafter the Conditions of Use) regulate the use and access to the website www.exnovo.law (hereinafter the Website) owned by Romualdo Ib\u00e1\u00f1ez Buela, lawyer (hereinafter EXNOVO Law) as well as the contents and services that the Website makes available to its users. Access to and use of this [&hellip;]<\/p>\n","protected":false},"author":5,"featured_media":0,"parent":0,"menu_order":0,"comment_status":"closed","ping_status":"closed","template":"page-templates\/legal.php","meta":{"_acf_changed":false,"inline_featured_image":false,"footnotes":""},"class_list":["post-782","page","type-page","status-publish","hentry"],"acf":[],"yoast_head":"<!-- This site is optimized with the Yoast SEO plugin v27.4 - https:\/\/yoast.com\/product\/yoast-seo-wordpress\/ -->\n<title>Conditions of use of the website &#8211; EXNOVO Law<\/title>\n<meta name=\"robots\" content=\"index, follow, max-snippet:-1, max-image-preview:large, max-video-preview:-1\" \/>\n<link rel=\"canonical\" href=\"https:\/\/exnovo.law\/en\/conditions-of-use-of-the-website\/\" \/>\n<meta property=\"og:locale\" content=\"en_US\" \/>\n<meta property=\"og:type\" content=\"article\" \/>\n<meta property=\"og:title\" content=\"Conditions of use of the website &#8211; EXNOVO Law\" \/>\n<meta property=\"og:description\" content=\"These general conditions of use and legal information (hereinafter the Conditions of Use) regulate the use and access to the website www.exnovo.law (hereinafter the Website) owned by Romualdo Ib\u00e1\u00f1ez Buela, lawyer (hereinafter EXNOVO Law) as well as the contents and services that the Website makes available to its users. Access to and use of this [&hellip;]\" \/>\n<meta property=\"og:url\" content=\"https:\/\/exnovo.law\/en\/conditions-of-use-of-the-website\/\" \/>\n<meta property=\"og:site_name\" content=\"EXNOVO Law\" \/>\n<meta property=\"article:modified_time\" content=\"2022-06-14T07:57:20+00:00\" \/>\n<meta name=\"twitter:card\" content=\"summary_large_image\" \/>\n<meta name=\"twitter:label1\" content=\"Est. reading time\" \/>\n\t<meta name=\"twitter:data1\" content=\"4 minutes\" \/>\n<script type=\"application\/ld+json\" class=\"yoast-schema-graph\">{\"@context\":\"https:\\\/\\\/schema.org\",\"@graph\":[{\"@type\":\"WebPage\",\"@id\":\"https:\\\/\\\/exnovo.law\\\/en\\\/conditions-of-use-of-the-website\\\/\",\"url\":\"https:\\\/\\\/exnovo.law\\\/en\\\/conditions-of-use-of-the-website\\\/\",\"name\":\"Conditions of use of the website &#8211; EXNOVO Law\",\"isPartOf\":{\"@id\":\"https:\\\/\\\/exnovo.law\\\/#website\"},\"datePublished\":\"2022-06-14T07:34:23+00:00\",\"dateModified\":\"2022-06-14T07:57:20+00:00\",\"breadcrumb\":{\"@id\":\"https:\\\/\\\/exnovo.law\\\/en\\\/conditions-of-use-of-the-website\\\/#breadcrumb\"},\"inLanguage\":\"en-US\",\"potentialAction\":[{\"@type\":\"ReadAction\",\"target\":[\"https:\\\/\\\/exnovo.law\\\/en\\\/conditions-of-use-of-the-website\\\/\"]}]},{\"@type\":\"BreadcrumbList\",\"@id\":\"https:\\\/\\\/exnovo.law\\\/en\\\/conditions-of-use-of-the-website\\\/#breadcrumb\",\"itemListElement\":[{\"@type\":\"ListItem\",\"position\":1,\"name\":\"Portada\",\"item\":\"https:\\\/\\\/exnovo.law\\\/en\\\/\"},{\"@type\":\"ListItem\",\"position\":2,\"name\":\"Conditions of use of the website\"}]},{\"@type\":\"WebSite\",\"@id\":\"https:\\\/\\\/exnovo.law\\\/#website\",\"url\":\"https:\\\/\\\/exnovo.law\\\/\",\"name\":\"EXNOVO Law\",\"description\":\"Performing value\",\"publisher\":{\"@id\":\"https:\\\/\\\/exnovo.law\\\/#organization\"},\"potentialAction\":[{\"@type\":\"SearchAction\",\"target\":{\"@type\":\"EntryPoint\",\"urlTemplate\":\"https:\\\/\\\/exnovo.law\\\/?s={search_term_string}\"},\"query-input\":{\"@type\":\"PropertyValueSpecification\",\"valueRequired\":true,\"valueName\":\"search_term_string\"}}],\"inLanguage\":\"en-US\"},{\"@type\":\"Organization\",\"@id\":\"https:\\\/\\\/exnovo.law\\\/#organization\",\"name\":\"EXNOVO Law\u24c7\",\"url\":\"https:\\\/\\\/exnovo.law\\\/\",\"logo\":{\"@type\":\"ImageObject\",\"inLanguage\":\"en-US\",\"@id\":\"https:\\\/\\\/exnovo.law\\\/#\\\/schema\\\/logo\\\/image\\\/\",\"url\":\"https:\\\/\\\/exnovo.law\\\/wp-content\\\/uploads\\\/2022\\\/05\\\/exnovolaw-blue.svg\",\"contentUrl\":\"https:\\\/\\\/exnovo.law\\\/wp-content\\\/uploads\\\/2022\\\/05\\\/exnovolaw-blue.svg\",\"width\":170,\"height\":58,\"caption\":\"EXNOVO Law\u24c7\"},\"image\":{\"@id\":\"https:\\\/\\\/exnovo.law\\\/#\\\/schema\\\/logo\\\/image\\\/\"}}]}<\/script>\n<!-- \/ Yoast SEO plugin. -->","yoast_head_json":{"title":"Conditions of use of the website &#8211; EXNOVO Law","robots":{"index":"index","follow":"follow","max-snippet":"max-snippet:-1","max-image-preview":"max-image-preview:large","max-video-preview":"max-video-preview:-1"},"canonical":"https:\/\/exnovo.law\/en\/conditions-of-use-of-the-website\/","og_locale":"en_US","og_type":"article","og_title":"Conditions of use of the website &#8211; EXNOVO Law","og_description":"These general conditions of use and legal information (hereinafter the Conditions of Use) regulate the use and access to the website www.exnovo.law (hereinafter the Website) owned by Romualdo Ib\u00e1\u00f1ez Buela, lawyer (hereinafter EXNOVO Law) as well as the contents and services that the Website makes available to its users. Access to and use of this [&hellip;]","og_url":"https:\/\/exnovo.law\/en\/conditions-of-use-of-the-website\/","og_site_name":"EXNOVO Law","article_modified_time":"2022-06-14T07:57:20+00:00","twitter_card":"summary_large_image","twitter_misc":{"Est. reading time":"4 minutes"},"schema":{"@context":"https:\/\/schema.org","@graph":[{"@type":"WebPage","@id":"https:\/\/exnovo.law\/en\/conditions-of-use-of-the-website\/","url":"https:\/\/exnovo.law\/en\/conditions-of-use-of-the-website\/","name":"Conditions of use of the website &#8211; EXNOVO Law","isPartOf":{"@id":"https:\/\/exnovo.law\/#website"},"datePublished":"2022-06-14T07:34:23+00:00","dateModified":"2022-06-14T07:57:20+00:00","breadcrumb":{"@id":"https:\/\/exnovo.law\/en\/conditions-of-use-of-the-website\/#breadcrumb"},"inLanguage":"en-US","potentialAction":[{"@type":"ReadAction","target":["https:\/\/exnovo.law\/en\/conditions-of-use-of-the-website\/"]}]},{"@type":"BreadcrumbList","@id":"https:\/\/exnovo.law\/en\/conditions-of-use-of-the-website\/#breadcrumb","itemListElement":[{"@type":"ListItem","position":1,"name":"Portada","item":"https:\/\/exnovo.law\/en\/"},{"@type":"ListItem","position":2,"name":"Conditions of use of the website"}]},{"@type":"WebSite","@id":"https:\/\/exnovo.law\/#website","url":"https:\/\/exnovo.law\/","name":"EXNOVO Law","description":"Performing value","publisher":{"@id":"https:\/\/exnovo.law\/#organization"},"potentialAction":[{"@type":"SearchAction","target":{"@type":"EntryPoint","urlTemplate":"https:\/\/exnovo.law\/?s={search_term_string}"},"query-input":{"@type":"PropertyValueSpecification","valueRequired":true,"valueName":"search_term_string"}}],"inLanguage":"en-US"},{"@type":"Organization","@id":"https:\/\/exnovo.law\/#organization","name":"EXNOVO Law\u24c7","url":"https:\/\/exnovo.law\/","logo":{"@type":"ImageObject","inLanguage":"en-US","@id":"https:\/\/exnovo.law\/#\/schema\/logo\/image\/","url":"https:\/\/exnovo.law\/wp-content\/uploads\/2022\/05\/exnovolaw-blue.svg","contentUrl":"https:\/\/exnovo.law\/wp-content\/uploads\/2022\/05\/exnovolaw-blue.svg","width":170,"height":58,"caption":"EXNOVO Law\u24c7"},"image":{"@id":"https:\/\/exnovo.law\/#\/schema\/logo\/image\/"}}]}},"_links":{"self":[{"href":"https:\/\/exnovo.law\/en\/wp-json\/wp\/v2\/pages\/782","targetHints":{"allow":["GET"]}}],"collection":[{"href":"https:\/\/exnovo.law\/en\/wp-json\/wp\/v2\/pages"}],"about":[{"href":"https:\/\/exnovo.law\/en\/wp-json\/wp\/v2\/types\/page"}],"author":[{"embeddable":true,"href":"https:\/\/exnovo.law\/en\/wp-json\/wp\/v2\/users\/5"}],"replies":[{"embeddable":true,"href":"https:\/\/exnovo.law\/en\/wp-json\/wp\/v2\/comments?post=782"}],"version-history":[{"count":1,"href":"https:\/\/exnovo.law\/en\/wp-json\/wp\/v2\/pages\/782\/revisions"}],"predecessor-version":[{"id":783,"href":"https:\/\/exnovo.law\/en\/wp-json\/wp\/v2\/pages\/782\/revisions\/783"}],"wp:attachment":[{"href":"https:\/\/exnovo.law\/en\/wp-json\/wp\/v2\/media?parent=782"}],"curies":[{"name":"wp","href":"https:\/\/api.w.org\/{rel}","templated":true}]}}